{"id":184,"date":"2012-09-24T18:52:27","date_gmt":"2012-09-24T16:52:27","guid":{"rendered":"http:\/\/www.skroban.de\/?page_id=184"},"modified":"2017-01-08T20:50:08","modified_gmt":"2017-01-08T18:50:08","slug":"tempel-4","status":"publish","type":"page","link":"https:\/\/www.skroban.de\/?page_id=184","title":{"rendered":"Tempel"},"content":{"rendered":"<p><span style=\"color: #808080;\">IMAGIN\u00c4RE R\u00c4UME<\/span><\/p>\n<p><span style=\"color: #808080;\">[<em>Imagin\u00e4r<\/em>] &#8211; scheinhaft, scheinbar, nur in der Vorstellung stattfindend, unwahr, fiktiv.<\/span><br \/>\n&nbsp;&nbsp;&nbsp;&nbsp;&nbsp;&nbsp;&nbsp;&nbsp;&nbsp;&nbsp;&nbsp;&nbsp;&nbsp;&nbsp;&nbsp;&nbsp;&nbsp;&nbsp;&nbsp;&nbsp;&nbsp;&nbsp;&nbsp;&nbsp;&nbsp;&nbsp;&nbsp;&nbsp;&nbsp;&nbsp;&nbsp;&nbsp;&nbsp;&nbsp;&nbsp;&nbsp;&nbsp;&nbsp;&nbsp;&nbsp;&nbsp;&nbsp;&nbsp;&nbsp;&nbsp;&nbsp;&nbsp;&nbsp;&nbsp;&nbsp;&nbsp;&nbsp;&nbsp;&nbsp;&nbsp;&nbsp;&nbsp;&nbsp;&nbsp;&nbsp;&nbsp;&nbsp;&nbsp;&nbsp;&nbsp;&nbsp;&nbsp;&nbsp;&nbsp;&nbsp;&nbsp;&nbsp;&nbsp;&nbsp;&nbsp;&nbsp;&nbsp;&nbsp;&nbsp;&nbsp;&nbsp;&nbsp;&nbsp;&nbsp;&nbsp;&nbsp;&nbsp;&nbsp;&nbsp;&nbsp;&nbsp;&nbsp;&nbsp;&nbsp;&nbsp;&nbsp;&nbsp;&nbsp;&nbsp;&nbsp;&nbsp;&nbsp;&nbsp;&nbsp;&nbsp;&nbsp;&nbsp;&nbsp;&nbsp;&nbsp;&nbsp;&nbsp;&nbsp;&nbsp;&nbsp;&nbsp;<br \/>\n<a href=\"https:\/\/www.skroban.de\/wp-content\/uploads\/2012\/09\/Immaginerer-Tempel-III-2005.jpg\"><img loading=\"lazy\" decoding=\"async\" class=\"aligncenter wp-image-711 size-full\" src=\"https:\/\/www.skroban.de\/wp-content\/uploads\/2012\/09\/Immaginerer-Tempel-III-2005.jpg\" height=\"343\" width=\"425\" srcset=\"https:\/\/www.skroban.de\/wp-content\/uploads\/2012\/09\/Immaginerer-Tempel-III-2005.jpg 425w, https:\/\/www.skroban.de\/wp-content\/uploads\/2012\/09\/Immaginerer-Tempel-III-2005-300x242.jpg 300w\" sizes=\"auto, (max-width: 425px) 100vw, 425px\" \/><\/a> <a href=\"https:\/\/www.skroban.de\/wp-content\/uploads\/2012\/09\/F-2005-42-59-WEB.jpg\"><img loading=\"lazy\" decoding=\"async\" class=\"aligncenter wp-image-705 size-full\" src=\"https:\/\/www.skroban.de\/wp-content\/uploads\/2012\/09\/F-2005-42-59-WEB.jpg\" height=\"425\" width=\"301\" srcset=\"https:\/\/www.skroban.de\/wp-content\/uploads\/2012\/09\/F-2005-42-59-WEB.jpg 301w, https:\/\/www.skroban.de\/wp-content\/uploads\/2012\/09\/F-2005-42-59-WEB-212x300.jpg 212w\" sizes=\"auto, (max-width: 301px) 100vw, 301px\" \/><\/a> <a href=\"https:\/\/www.skroban.de\/wp-content\/uploads\/2012\/09\/120-172-2005-WEB.jpg\"><img loading=\"lazy\" decoding=\"async\" class=\"aligncenter wp-image-696 size-full\" src=\"https:\/\/www.skroban.de\/wp-content\/uploads\/2012\/09\/120-172-2005-WEB.jpg\" height=\"344\" width=\"496\" srcset=\"https:\/\/www.skroban.de\/wp-content\/uploads\/2012\/09\/120-172-2005-WEB.jpg 496w, https:\/\/www.skroban.de\/wp-content\/uploads\/2012\/09\/120-172-2005-WEB-300x208.jpg 300w\" sizes=\"auto, (max-width: 496px) 100vw, 496px\" \/><\/a><a href=\"https:\/\/www.skroban.de\/wp-content\/uploads\/2012\/09\/130-110-2005-WEB.jpg\"><img loading=\"lazy\" decoding=\"async\" class=\"aligncenter wp-image-698 size-full\" src=\"https:\/\/www.skroban.de\/wp-content\/uploads\/2012\/09\/130-110-2005-WEB.jpg\" height=\"425\" width=\"372\" srcset=\"https:\/\/www.skroban.de\/wp-content\/uploads\/2012\/09\/130-110-2005-WEB.jpg 372w, https:\/\/www.skroban.de\/wp-content\/uploads\/2012\/09\/130-110-2005-WEB-263x300.jpg 263w\" sizes=\"auto, (max-width: 372px) 100vw, 372px\" \/><\/a> <a href=\"https:\/\/www.skroban.de\/wp-content\/uploads\/2012\/09\/G-2005-42-59-WEB.jpg\"><img loading=\"lazy\" decoding=\"async\" class=\"aligncenter wp-image-706 size-full\" src=\"https:\/\/www.skroban.de\/wp-content\/uploads\/2012\/09\/G-2005-42-59-WEB.jpg\" height=\"425\" width=\"304\" srcset=\"https:\/\/www.skroban.de\/wp-content\/uploads\/2012\/09\/G-2005-42-59-WEB.jpg 304w, https:\/\/www.skroban.de\/wp-content\/uploads\/2012\/09\/G-2005-42-59-WEB-215x300.jpg 215w\" sizes=\"auto, (max-width: 304px) 100vw, 304px\" \/><\/a> <a href=\"https:\/\/www.skroban.de\/wp-content\/uploads\/2012\/09\/O.T.-125-175-WEB.jpg\"><img loading=\"lazy\" decoding=\"async\" class=\"aligncenter wp-image-714 size-full\" src=\"https:\/\/www.skroban.de\/wp-content\/uploads\/2012\/09\/O.T.-125-175-WEB.jpg\" height=\"399\" width=\"567\" srcset=\"https:\/\/www.skroban.de\/wp-content\/uploads\/2012\/09\/O.T.-125-175-WEB.jpg 567w, https:\/\/www.skroban.de\/wp-content\/uploads\/2012\/09\/O.T.-125-175-WEB-300x211.jpg 300w\" sizes=\"auto, (max-width: 567px) 100vw, 567px\" \/><\/a><\/p>\n<!-- index.php -->\n<div\n\tclass=\"ngg-galleryoverview\"\n\tid=\"ngg-gallery-c1775cdf6285b1a469dcd8f04dca89b4-1\">\n\n    \t\t<!-- Thumbnails -->\n\t\t\t\t<div id=\"ngg-image-0\" class=\"ngg-gallery-thumbnail-box\" >\n\t\t\t\t        <div class=\"ngg-gallery-thumbnail\">\n            <a href=\"https:\/\/www.skroban.de\/wp-content\/gallery\/tempel_1\/g5e.jpg\"\n               title=\"Immaginerer Tempel 2005 160 x 120\"\n               data-src=\"https:\/\/www.skroban.de\/wp-content\/gallery\/tempel_1\/g5e.jpg\"\n               data-thumbnail=\"https:\/\/www.skroban.de\/wp-content\/gallery\/tempel_1\/thumbs\/thumbs_g5e.jpg\"\n               data-image-id=\"263\"\n               data-title=\"g5e\"\n               data-description=\"Immaginerer Tempel 2005 160 x 120\"\n               data-image-slug=\"g5e\"\n               class=\"shutterset_c1775cdf6285b1a469dcd8f04dca89b4\">\n                <img\n                    title=\"g5e\"\n                    alt=\"g5e\"\n                    src=\"https:\/\/www.skroban.de\/wp-content\/gallery\/tempel_1\/thumbs\/thumbs_g5e.jpg\"\n                    width=\"100\"\n                    height=\"75\"\n                    style=\"max-width:100%;\"\n                \/>\n            <\/a>\n        <\/div>\n\t\t\t\t\t\t\t<\/div> \n\t\t\t\n        \n\t\t\t\t<div id=\"ngg-image-1\" class=\"ngg-gallery-thumbnail-box\" >\n\t\t\t\t        <div class=\"ngg-gallery-thumbnail\">\n            <a href=\"https:\/\/www.skroban.de\/wp-content\/gallery\/tempel_1\/immaginerer-tempel-2005-160-x-120.jpg\"\n               title=\"Immaginerer Tempel 2005 160 x 120\"\n               data-src=\"https:\/\/www.skroban.de\/wp-content\/gallery\/tempel_1\/immaginerer-tempel-2005-160-x-120.jpg\"\n               data-thumbnail=\"https:\/\/www.skroban.de\/wp-content\/gallery\/tempel_1\/thumbs\/thumbs_immaginerer-tempel-2005-160-x-120.jpg\"\n               data-image-id=\"265\"\n               data-title=\"immaginerer-tempel-2005-160-x-120\"\n               data-description=\"Immaginerer Tempel 2005 160 x 120\"\n               data-image-slug=\"immaginerer-tempel-2005-160-x-120\"\n               class=\"shutterset_c1775cdf6285b1a469dcd8f04dca89b4\">\n                <img\n                    title=\"immaginerer-tempel-2005-160-x-120\"\n                    alt=\"immaginerer-tempel-2005-160-x-120\"\n                    src=\"https:\/\/www.skroban.de\/wp-content\/gallery\/tempel_1\/thumbs\/thumbs_immaginerer-tempel-2005-160-x-120.jpg\"\n                    width=\"100\"\n                    height=\"75\"\n                    style=\"max-width:100%;\"\n                \/>\n            <\/a>\n        <\/div>\n\t\t\t\t\t\t\t<\/div> \n\t\t\t\n        \n\t\t\t\t<div id=\"ngg-image-2\" class=\"ngg-gallery-thumbnail-box\" >\n\t\t\t\t        <div class=\"ngg-gallery-thumbnail\">\n            <a href=\"https:\/\/www.skroban.de\/wp-content\/gallery\/tempel_1\/immaginerer-tempel-ii-2005-160-x-120.jpg\"\n               title=\"Immaginerer Tempel 2005 120 x 160\"\n               data-src=\"https:\/\/www.skroban.de\/wp-content\/gallery\/tempel_1\/immaginerer-tempel-ii-2005-160-x-120.jpg\"\n               data-thumbnail=\"https:\/\/www.skroban.de\/wp-content\/gallery\/tempel_1\/thumbs\/thumbs_immaginerer-tempel-ii-2005-160-x-120.jpg\"\n               data-image-id=\"266\"\n               data-title=\"immaginerer-tempel-ii-2005-160-x-120\"\n               data-description=\"Immaginerer Tempel 2005 120 x 160\"\n               data-image-slug=\"immaginerer-tempel-ii-2005-160-x-120\"\n               class=\"shutterset_c1775cdf6285b1a469dcd8f04dca89b4\">\n                <img\n                    title=\"immaginerer-tempel-ii-2005-160-x-120\"\n                    alt=\"immaginerer-tempel-ii-2005-160-x-120\"\n                    src=\"https:\/\/www.skroban.de\/wp-content\/gallery\/tempel_1\/thumbs\/thumbs_immaginerer-tempel-ii-2005-160-x-120.jpg\"\n                    width=\"100\"\n                    height=\"75\"\n                    style=\"max-width:100%;\"\n                \/>\n            <\/a>\n        <\/div>\n\t\t\t\t\t\t\t<\/div> \n\t\t\t\n        \n\t\t\t\t<div id=\"ngg-image-3\" class=\"ngg-gallery-thumbnail-box\" >\n\t\t\t\t        <div class=\"ngg-gallery-thumbnail\">\n            <a href=\"https:\/\/www.skroban.de\/wp-content\/gallery\/tempel_1\/o-t-110-x-192.jpg\"\n               title=\"O.T. 110 x 192\"\n               data-src=\"https:\/\/www.skroban.de\/wp-content\/gallery\/tempel_1\/o-t-110-x-192.jpg\"\n               data-thumbnail=\"https:\/\/www.skroban.de\/wp-content\/gallery\/tempel_1\/thumbs\/thumbs_o-t-110-x-192.jpg\"\n               data-image-id=\"268\"\n               data-title=\"o-t-110-x-192\"\n               data-description=\"O.T. 110 x 192\"\n               data-image-slug=\"o-t-110-x-192\"\n               class=\"shutterset_c1775cdf6285b1a469dcd8f04dca89b4\">\n                <img\n                    title=\"o-t-110-x-192\"\n                    alt=\"o-t-110-x-192\"\n                    src=\"https:\/\/www.skroban.de\/wp-content\/gallery\/tempel_1\/thumbs\/thumbs_o-t-110-x-192.jpg\"\n                    width=\"100\"\n                    height=\"75\"\n                    style=\"max-width:100%;\"\n                \/>\n            <\/a>\n        <\/div>\n\t\t\t\t\t\t\t<\/div> \n\t\t\t\n        \n\t\t\t\t<div id=\"ngg-image-4\" class=\"ngg-gallery-thumbnail-box\" >\n\t\t\t\t        <div class=\"ngg-gallery-thumbnail\">\n            <a href=\"https:\/\/www.skroban.de\/wp-content\/gallery\/tempel_1\/o-t-117-x-165.jpg\"\n               title=\"\"\n               data-src=\"https:\/\/www.skroban.de\/wp-content\/gallery\/tempel_1\/o-t-117-x-165.jpg\"\n               data-thumbnail=\"https:\/\/www.skroban.de\/wp-content\/gallery\/tempel_1\/thumbs\/thumbs_o-t-117-x-165.jpg\"\n               data-image-id=\"269\"\n               data-title=\"o-t-117-x-165\"\n               data-description=\"\"\n               data-image-slug=\"o-t-117-x-165\"\n               class=\"shutterset_c1775cdf6285b1a469dcd8f04dca89b4\">\n                <img\n                    title=\"o-t-117-x-165\"\n                    alt=\"o-t-117-x-165\"\n                    src=\"https:\/\/www.skroban.de\/wp-content\/gallery\/tempel_1\/thumbs\/thumbs_o-t-117-x-165.jpg\"\n                    width=\"100\"\n                    height=\"75\"\n                    style=\"max-width:100%;\"\n                \/>\n            <\/a>\n        <\/div>\n\t\t\t\t\t\t\t<\/div> \n\t\t\t\n        \n\t\t\t\t<div id=\"ngg-image-5\" class=\"ngg-gallery-thumbnail-box\" >\n\t\t\t\t        <div class=\"ngg-gallery-thumbnail\">\n            <a href=\"https:\/\/www.skroban.de\/wp-content\/gallery\/tempel_1\/o-t-120-x-156.jpg\"\n               title=\"O.T. 120 x 156\"\n               data-src=\"https:\/\/www.skroban.de\/wp-content\/gallery\/tempel_1\/o-t-120-x-156.jpg\"\n               data-thumbnail=\"https:\/\/www.skroban.de\/wp-content\/gallery\/tempel_1\/thumbs\/thumbs_o-t-120-x-156.jpg\"\n               data-image-id=\"271\"\n               data-title=\"o-t-120-x-156\"\n               data-description=\"O.T. 120 x 156\"\n               data-image-slug=\"o-t-120-x-156\"\n               class=\"shutterset_c1775cdf6285b1a469dcd8f04dca89b4\">\n                <img\n                    title=\"o-t-120-x-156\"\n                    alt=\"o-t-120-x-156\"\n                    src=\"https:\/\/www.skroban.de\/wp-content\/gallery\/tempel_1\/thumbs\/thumbs_o-t-120-x-156.jpg\"\n                    width=\"100\"\n                    height=\"75\"\n                    style=\"max-width:100%;\"\n                \/>\n            <\/a>\n        <\/div>\n\t\t\t\t\t\t\t<\/div> \n\t\t\t\n        \n\t\t\t\t<div id=\"ngg-image-6\" class=\"ngg-gallery-thumbnail-box\" >\n\t\t\t\t        <div class=\"ngg-gallery-thumbnail\">\n            <a href=\"https:\/\/www.skroban.de\/wp-content\/gallery\/tempel_1\/o-t-140-x-100.jpg\"\n               title=\"O.T. 140 x 100\"\n               data-src=\"https:\/\/www.skroban.de\/wp-content\/gallery\/tempel_1\/o-t-140-x-100.jpg\"\n               data-thumbnail=\"https:\/\/www.skroban.de\/wp-content\/gallery\/tempel_1\/thumbs\/thumbs_o-t-140-x-100.jpg\"\n               data-image-id=\"274\"\n               data-title=\"o-t-140-x-100\"\n               data-description=\"O.T. 140 x 100\"\n               data-image-slug=\"o-t-140-x-100\"\n               class=\"shutterset_c1775cdf6285b1a469dcd8f04dca89b4\">\n                <img\n                    title=\"o-t-140-x-100\"\n                    alt=\"o-t-140-x-100\"\n                    src=\"https:\/\/www.skroban.de\/wp-content\/gallery\/tempel_1\/thumbs\/thumbs_o-t-140-x-100.jpg\"\n                    width=\"100\"\n                    height=\"75\"\n                    style=\"max-width:100%;\"\n                \/>\n            <\/a>\n        <\/div>\n\t\t\t\t\t\t\t<\/div> \n\t\t\t\n        \n\t\t\t\t<div id=\"ngg-image-7\" class=\"ngg-gallery-thumbnail-box\" >\n\t\t\t\t        <div class=\"ngg-gallery-thumbnail\">\n            <a href=\"https:\/\/www.skroban.de\/wp-content\/gallery\/tempel_1\/tempel-5-%25c3%25b6l-155-x-240.jpg\"\n               title=\"\"\n               data-src=\"https:\/\/www.skroban.de\/wp-content\/gallery\/tempel_1\/tempel-5-%25c3%25b6l-155-x-240.jpg\"\n               data-thumbnail=\"https:\/\/www.skroban.de\/wp-content\/gallery\/tempel_1\/thumbs\/thumbs_tempel-5-%25c3%25b6l-155-x-240.jpg\"\n               data-image-id=\"279\"\n               data-title=\"tempel-5-%c3%b6l-155-x-240\"\n               data-description=\"\"\n               data-image-slug=\"tempel-5-%c3%b6l-155-x-240\"\n               class=\"shutterset_c1775cdf6285b1a469dcd8f04dca89b4\">\n                <img\n                    title=\"tempel-5-%c3%b6l-155-x-240\"\n                    alt=\"tempel-5-%c3%b6l-155-x-240\"\n                    src=\"https:\/\/www.skroban.de\/wp-content\/gallery\/tempel_1\/thumbs\/thumbs_tempel-5-%25c3%25b6l-155-x-240.jpg\"\n                    width=\"100\"\n                    height=\"75\"\n                    style=\"max-width:100%;\"\n                \/>\n            <\/a>\n        <\/div>\n\t\t\t\t\t\t\t<\/div> \n\t\t\t\n        \n\t\t\t\t<div id=\"ngg-image-8\" class=\"ngg-gallery-thumbnail-box\" >\n\t\t\t\t        <div class=\"ngg-gallery-thumbnail\">\n            <a href=\"https:\/\/www.skroban.de\/wp-content\/gallery\/tempel_1\/60-250.jpg\"\n               title=\"O.T. 60 x 250 cm\"\n               data-src=\"https:\/\/www.skroban.de\/wp-content\/gallery\/tempel_1\/60-250.jpg\"\n               data-thumbnail=\"https:\/\/www.skroban.de\/wp-content\/gallery\/tempel_1\/thumbs\/thumbs_60-250.jpg\"\n               data-image-id=\"2\"\n               data-title=\"60-250\"\n               data-description=\"O.T. 60 x 250 cm\"\n               data-image-slug=\"60-250\"\n               class=\"shutterset_c1775cdf6285b1a469dcd8f04dca89b4\">\n                <img\n                    title=\"60-250\"\n                    alt=\"60-250\"\n                    src=\"https:\/\/www.skroban.de\/wp-content\/gallery\/tempel_1\/thumbs\/thumbs_60-250.jpg\"\n                    width=\"100\"\n                    height=\"75\"\n                    style=\"max-width:100%;\"\n                \/>\n            <\/a>\n        <\/div>\n\t\t\t\t\t\t\t<\/div> \n\t\t\t\n        \n\t\t\t\t<div id=\"ngg-image-9\" class=\"ngg-gallery-thumbnail-box\" >\n\t\t\t\t        <div class=\"ngg-gallery-thumbnail\">\n            <a href=\"https:\/\/www.skroban.de\/wp-content\/gallery\/tempel_1\/80-200.jpg\"\n               title=\"O.T. 80 x 200\"\n               data-src=\"https:\/\/www.skroban.de\/wp-content\/gallery\/tempel_1\/80-200.jpg\"\n               data-thumbnail=\"https:\/\/www.skroban.de\/wp-content\/gallery\/tempel_1\/thumbs\/thumbs_80-200.jpg\"\n               data-image-id=\"3\"\n               data-title=\"80-200\"\n               data-description=\"O.T. 80 x 200\"\n               data-image-slug=\"80-200\"\n               class=\"shutterset_c1775cdf6285b1a469dcd8f04dca89b4\">\n                <img\n                    title=\"80-200\"\n                    alt=\"80-200\"\n                    src=\"https:\/\/www.skroban.de\/wp-content\/gallery\/tempel_1\/thumbs\/thumbs_80-200.jpg\"\n                    width=\"100\"\n                    height=\"75\"\n                    style=\"max-width:100%;\"\n                \/>\n            <\/a>\n        <\/div>\n\t\t\t\t\t\t\t<\/div> \n\t\t\t\n        \n\t\t\t\t<div id=\"ngg-image-10\" class=\"ngg-gallery-thumbnail-box\" >\n\t\t\t\t        <div class=\"ngg-gallery-thumbnail\">\n            <a href=\"https:\/\/www.skroban.de\/wp-content\/gallery\/tempel_1\/g4e.jpg\"\n               title=\"\"\n               data-src=\"https:\/\/www.skroban.de\/wp-content\/gallery\/tempel_1\/g4e.jpg\"\n               data-thumbnail=\"https:\/\/www.skroban.de\/wp-content\/gallery\/tempel_1\/thumbs\/thumbs_g4e.jpg\"\n               data-image-id=\"283\"\n               data-title=\"g4e\"\n               data-description=\"\"\n               data-image-slug=\"g4e\"\n               class=\"shutterset_c1775cdf6285b1a469dcd8f04dca89b4\">\n                <img\n                    title=\"g4e\"\n                    alt=\"g4e\"\n                    src=\"https:\/\/www.skroban.de\/wp-content\/gallery\/tempel_1\/thumbs\/thumbs_g4e.jpg\"\n                    width=\"100\"\n                    height=\"75\"\n                    style=\"max-width:100%;\"\n                \/>\n            <\/a>\n        <\/div>\n\t\t\t\t\t\t\t<\/div> \n\t\t\t\n        \n\t\t\t\t<div id=\"ngg-image-11\" class=\"ngg-gallery-thumbnail-box\" >\n\t\t\t\t        <div class=\"ngg-gallery-thumbnail\">\n            <a href=\"https:\/\/www.skroban.de\/wp-content\/gallery\/tempel_1\/g4f.jpg\"\n               title=\"\"\n               data-src=\"https:\/\/www.skroban.de\/wp-content\/gallery\/tempel_1\/g4f.jpg\"\n               data-thumbnail=\"https:\/\/www.skroban.de\/wp-content\/gallery\/tempel_1\/thumbs\/thumbs_g4f.jpg\"\n               data-image-id=\"284\"\n               data-title=\"g4f\"\n               data-description=\"\"\n               data-image-slug=\"g4f\"\n               class=\"shutterset_c1775cdf6285b1a469dcd8f04dca89b4\">\n                <img\n                    title=\"g4f\"\n                    alt=\"g4f\"\n                    src=\"https:\/\/www.skroban.de\/wp-content\/gallery\/tempel_1\/thumbs\/thumbs_g4f.jpg\"\n                    width=\"100\"\n                    height=\"75\"\n                    style=\"max-width:100%;\"\n                \/>\n            <\/a>\n        <\/div>\n\t\t\t\t\t\t\t<\/div> \n\t\t\t\n        \n\t\t\t\t<div id=\"ngg-image-12\" class=\"ngg-gallery-thumbnail-box\" >\n\t\t\t\t        <div class=\"ngg-gallery-thumbnail\">\n            <a href=\"https:\/\/www.skroban.de\/wp-content\/gallery\/tempel_1\/g4h.jpg\"\n               title=\"\"\n               data-src=\"https:\/\/www.skroban.de\/wp-content\/gallery\/tempel_1\/g4h.jpg\"\n               data-thumbnail=\"https:\/\/www.skroban.de\/wp-content\/gallery\/tempel_1\/thumbs\/thumbs_g4h.jpg\"\n               data-image-id=\"286\"\n               data-title=\"g4h\"\n               data-description=\"\"\n               data-image-slug=\"g4h\"\n               class=\"shutterset_c1775cdf6285b1a469dcd8f04dca89b4\">\n                <img\n                    title=\"g4h\"\n                    alt=\"g4h\"\n                    src=\"https:\/\/www.skroban.de\/wp-content\/gallery\/tempel_1\/thumbs\/thumbs_g4h.jpg\"\n                    width=\"100\"\n                    height=\"75\"\n                    style=\"max-width:100%;\"\n                \/>\n            <\/a>\n        <\/div>\n\t\t\t\t\t\t\t<\/div> \n\t\t\t\n        \n\t\t\t\t<div id=\"ngg-image-13\" class=\"ngg-gallery-thumbnail-box\" >\n\t\t\t\t        <div class=\"ngg-gallery-thumbnail\">\n            <a href=\"https:\/\/www.skroban.de\/wp-content\/gallery\/tempel_1\/pool-80-200.jpg\"\n               title=\"Aus der Serie Pool, 80 x 200 cm\"\n               data-src=\"https:\/\/www.skroban.de\/wp-content\/gallery\/tempel_1\/pool-80-200.jpg\"\n               data-thumbnail=\"https:\/\/www.skroban.de\/wp-content\/gallery\/tempel_1\/thumbs\/thumbs_pool-80-200.jpg\"\n               data-image-id=\"21\"\n               data-title=\"pool-80-200\"\n               data-description=\"Aus der Serie Pool, 80 x 200 cm\"\n               data-image-slug=\"pool-80-200\"\n               class=\"shutterset_c1775cdf6285b1a469dcd8f04dca89b4\">\n                <img\n                    title=\"pool-80-200\"\n                    alt=\"pool-80-200\"\n                    src=\"https:\/\/www.skroban.de\/wp-content\/gallery\/tempel_1\/thumbs\/thumbs_pool-80-200.jpg\"\n                    width=\"100\"\n                    height=\"75\"\n                    style=\"max-width:100%;\"\n                \/>\n            <\/a>\n        <\/div>\n\t\t\t\t\t\t\t<\/div> \n\t\t\t\n        \n\t\t\t\t<div id=\"ngg-image-14\" class=\"ngg-gallery-thumbnail-box\" >\n\t\t\t\t        <div class=\"ngg-gallery-thumbnail\">\n            <a href=\"https:\/\/www.skroban.de\/wp-content\/gallery\/tempel_1\/spiegelung-2007-60-230.jpg\"\n               title=\"Spiegelung, 60 x 230 cm\"\n               data-src=\"https:\/\/www.skroban.de\/wp-content\/gallery\/tempel_1\/spiegelung-2007-60-230.jpg\"\n               data-thumbnail=\"https:\/\/www.skroban.de\/wp-content\/gallery\/tempel_1\/thumbs\/thumbs_spiegelung-2007-60-230.jpg\"\n               data-image-id=\"26\"\n               data-title=\"spiegelung-2007-60-230\"\n               data-description=\"Spiegelung, 60 x 230 cm\"\n               data-image-slug=\"spiegelung-2007-60-230\"\n               class=\"shutterset_c1775cdf6285b1a469dcd8f04dca89b4\">\n                <img\n                    title=\"spiegelung-2007-60-230\"\n                    alt=\"spiegelung-2007-60-230\"\n                    src=\"https:\/\/www.skroban.de\/wp-content\/gallery\/tempel_1\/thumbs\/thumbs_spiegelung-2007-60-230.jpg\"\n                    width=\"100\"\n                    height=\"75\"\n                    style=\"max-width:100%;\"\n                \/>\n            <\/a>\n        <\/div>\n\t\t\t\t\t\t\t<\/div> \n\t\t\t\n        \n\t\t\n\t\t<div class=\"ngg-clear\"><\/div>\n\t<\/div>\n\n","protected":false},"excerpt":{"rendered":"<p>IMAGIN\u00c4RE R\u00c4UME [Imagin\u00e4r] &#8211; scheinhaft, scheinbar, nur in der Vorstellung stattfindend, unwahr, fiktiv. &nbsp;&nbsp;&nbsp;&nbsp;&nbsp;&nbsp;&nbsp;&nbsp;&nbsp;&nbsp;&nbsp;&nbsp;&nbsp;&nbsp;&nbsp;&nbsp;&nbsp;&nbsp;&nbsp;&nbsp;&nbsp;&nbsp;&nbsp;&nbsp;&nbsp;&nbsp;&nbsp;&nbsp;&nbsp;&nbsp;&nbsp;&nbsp;&nbsp;&nbsp;&nbsp;&nbsp;&nbsp;&nbsp;&nbsp;&nbsp;&nbsp;&nbsp;&nbsp;&nbsp;&nbsp;&nbsp;&nbsp;&nbsp;&nbsp;&nbsp;&nbsp;&nbsp;&nbsp;&nbsp;&nbsp;&nbsp;&nbsp;&nbsp;&nbsp;&nbsp;&nbsp;&nbsp;&nbsp;&nbsp;&nbsp;&nbsp;&nbsp;&nbsp;&nbsp;&nbsp;&nbsp;&nbsp;&nbsp;&nbsp;&nbsp;&nbsp;&nbsp;&nbsp;&nbsp;&nbsp;&nbsp;&nbsp;&nbsp;&nbsp;&nbsp;&nbsp;&nbsp;&nbsp;&nbsp;&nbsp;&nbsp;&nbsp;&nbsp;&nbsp;&nbsp;&nbsp;&nbsp;&nbsp;&nbsp;&nbsp;&nbsp;&nbsp;&nbsp;&nbsp;&nbsp;&nbsp;&nbsp;&nbsp;&nbsp;&nbsp;&nbsp;&nbsp;&nbsp;&nbsp;&nbsp;&nbsp;<\/p>\n","protected":false},"author":1,"featured_media":0,"parent":0,"menu_order":0,"comment_status":"closed","ping_status":"closed","template":"","meta":{"ngg_post_thumbnail":0,"footnotes":""},"class_list":["post-184","page","type-page","status-publish","hentry"],"_links":{"self":[{"href":"https:\/\/www.skroban.de\/index.php?rest_route=\/wp\/v2\/pages\/184","targetHints":{"allow":["GET"]}}],"collection":[{"href":"https:\/\/www.skroban.de\/index.php?rest_route=\/wp\/v2\/pages"}],"about":[{"href":"https:\/\/www.skroban.de\/index.php?rest_route=\/wp\/v2\/types\/page"}],"author":[{"embeddable":true,"href":"https:\/\/www.skroban.de\/index.php?rest_route=\/wp\/v2\/users\/1"}],"replies":[{"embeddable":true,"href":"https:\/\/www.skroban.de\/index.php?rest_route=%2Fwp%2Fv2%2Fcomments&post=184"}],"version-history":[{"count":14,"href":"https:\/\/www.skroban.de\/index.php?rest_route=\/wp\/v2\/pages\/184\/revisions"}],"predecessor-version":[{"id":908,"href":"https:\/\/www.skroban.de\/index.php?rest_route=\/wp\/v2\/pages\/184\/revisions\/908"}],"wp:attachment":[{"href":"https:\/\/www.skroban.de\/index.php?rest_route=%2Fwp%2Fv2%2Fmedia&parent=184"}],"curies":[{"name":"wp","href":"https:\/\/api.w.org\/{rel}","templated":true}]}}