{"id":45,"date":"2012-09-22T19:41:08","date_gmt":"2012-09-22T17:41:08","guid":{"rendered":"http:\/\/www.skroban.de\/?page_id=45"},"modified":"2017-01-08T20:52:53","modified_gmt":"2017-01-08T18:52:53","slug":"kurse-2","status":"publish","type":"page","link":"https:\/\/www.skroban.de\/?page_id=45","title":{"rendered":"Kurse"},"content":{"rendered":"<p><strong><span style=\"color: #4db538;\"> Zwei Augen sehen mehr als ein Auge.&nbsp;<\/span>&nbsp; &nbsp; &nbsp; &nbsp; &nbsp; &nbsp; &nbsp; &nbsp; &nbsp; &nbsp; &nbsp; <\/strong><\/p>\n<p><span style=\"color: #808080;\"><em>Vom Standpunkt des Malers aus ist die Malerei die Kunst des Sichtbarmachens von etwas, das durch ihn erst sichtbar wird und vor dem nicht vorhanden war, dem Unbekannten angeh\u00f6rte. (W. Baumeister)<\/em><\/span><\/p>\n<p><a href=\"https:\/\/www.skroban.de\/wp-content\/uploads\/2012\/09\/Atelier10WWW.jpg\"><img loading=\"lazy\" decoding=\"async\" class=\"aligncenter wp-image-767 size-full\" src=\"https:\/\/www.skroban.de\/wp-content\/uploads\/2012\/09\/Atelier10WWW.jpg\" height=\"623\" width=\"830\" srcset=\"https:\/\/www.skroban.de\/wp-content\/uploads\/2012\/09\/Atelier10WWW.jpg 830w, https:\/\/www.skroban.de\/wp-content\/uploads\/2012\/09\/Atelier10WWW-300x225.jpg 300w, https:\/\/www.skroban.de\/wp-content\/uploads\/2012\/09\/Atelier10WWW-768x576.jpg 768w\" sizes=\"auto, (max-width: 830px) 100vw, 830px\" \/><\/a> <!-- index.php -->\n<div\n\tclass=\"ngg-galleryoverview\"\n\tid=\"ngg-gallery-478be379f535cfb590322d0df1b1bc5f-1\">\n\n    \t\t<!-- Thumbnails -->\n\t\t\t\t<div id=\"ngg-image-0\" class=\"ngg-gallery-thumbnail-box\" >\n\t\t\t\t        <div class=\"ngg-gallery-thumbnail\">\n            <a href=\"https:\/\/www.skroban.de\/wp-content\/gallery\/atelier\/Atelier1WWW.jpg\"\n               title=\"\"\n               data-src=\"https:\/\/www.skroban.de\/wp-content\/gallery\/atelier\/Atelier1WWW.jpg\"\n               data-thumbnail=\"https:\/\/www.skroban.de\/wp-content\/gallery\/atelier\/thumbs\/thumbs_Atelier1WWW.jpg\"\n               data-image-id=\"433\"\n               data-title=\"Atelier1WWW\"\n               data-description=\"\"\n               data-image-slug=\"atelier1www\"\n               class=\"shutterset_478be379f535cfb590322d0df1b1bc5f\">\n                <img\n                    title=\"Atelier1WWW\"\n                    alt=\"Atelier1WWW\"\n                    src=\"https:\/\/www.skroban.de\/wp-content\/gallery\/atelier\/thumbs\/thumbs_Atelier1WWW.jpg\"\n                    width=\"100\"\n                    height=\"75\"\n                    style=\"max-width:100%;\"\n                \/>\n            <\/a>\n        <\/div>\n\t\t\t\t\t\t\t<\/div> \n\t\t\t\n        \n\t\t\t\t<div id=\"ngg-image-1\" class=\"ngg-gallery-thumbnail-box\" >\n\t\t\t\t        <div class=\"ngg-gallery-thumbnail\">\n            <a href=\"https:\/\/www.skroban.de\/wp-content\/gallery\/atelier\/Atelier2WWW.jpg\"\n               title=\"\"\n               data-src=\"https:\/\/www.skroban.de\/wp-content\/gallery\/atelier\/Atelier2WWW.jpg\"\n               data-thumbnail=\"https:\/\/www.skroban.de\/wp-content\/gallery\/atelier\/thumbs\/thumbs_Atelier2WWW.jpg\"\n               data-image-id=\"434\"\n               data-title=\"Atelier2WWW\"\n               data-description=\"\"\n               data-image-slug=\"atelier2www\"\n               class=\"shutterset_478be379f535cfb590322d0df1b1bc5f\">\n                <img\n                    title=\"Atelier2WWW\"\n                    alt=\"Atelier2WWW\"\n                    src=\"https:\/\/www.skroban.de\/wp-content\/gallery\/atelier\/thumbs\/thumbs_Atelier2WWW.jpg\"\n                    width=\"100\"\n                    height=\"75\"\n                    style=\"max-width:100%;\"\n                \/>\n            <\/a>\n        <\/div>\n\t\t\t\t\t\t\t<\/div> \n\t\t\t\n        \n\t\t\t\t<div id=\"ngg-image-2\" class=\"ngg-gallery-thumbnail-box\" >\n\t\t\t\t        <div class=\"ngg-gallery-thumbnail\">\n            <a href=\"https:\/\/www.skroban.de\/wp-content\/gallery\/atelier\/Atelier3WWW.jpg\"\n               title=\"\"\n               data-src=\"https:\/\/www.skroban.de\/wp-content\/gallery\/atelier\/Atelier3WWW.jpg\"\n               data-thumbnail=\"https:\/\/www.skroban.de\/wp-content\/gallery\/atelier\/thumbs\/thumbs_Atelier3WWW.jpg\"\n               data-image-id=\"435\"\n               data-title=\"Atelier3WWW\"\n               data-description=\"\"\n               data-image-slug=\"atelier3www\"\n               class=\"shutterset_478be379f535cfb590322d0df1b1bc5f\">\n                <img\n                    title=\"Atelier3WWW\"\n                    alt=\"Atelier3WWW\"\n                    src=\"https:\/\/www.skroban.de\/wp-content\/gallery\/atelier\/thumbs\/thumbs_Atelier3WWW.jpg\"\n                    width=\"100\"\n                    height=\"75\"\n                    style=\"max-width:100%;\"\n                \/>\n            <\/a>\n        <\/div>\n\t\t\t\t\t\t\t<\/div> \n\t\t\t\n        \n\t\t\t\t<div id=\"ngg-image-3\" class=\"ngg-gallery-thumbnail-box\" >\n\t\t\t\t        <div class=\"ngg-gallery-thumbnail\">\n            <a href=\"https:\/\/www.skroban.de\/wp-content\/gallery\/atelier\/Atelier4WWW.jpg\"\n               title=\"\"\n               data-src=\"https:\/\/www.skroban.de\/wp-content\/gallery\/atelier\/Atelier4WWW.jpg\"\n               data-thumbnail=\"https:\/\/www.skroban.de\/wp-content\/gallery\/atelier\/thumbs\/thumbs_Atelier4WWW.jpg\"\n               data-image-id=\"436\"\n               data-title=\"Atelier4WWW\"\n               data-description=\"\"\n               data-image-slug=\"atelier4www\"\n               class=\"shutterset_478be379f535cfb590322d0df1b1bc5f\">\n                <img\n                    title=\"Atelier4WWW\"\n                    alt=\"Atelier4WWW\"\n                    src=\"https:\/\/www.skroban.de\/wp-content\/gallery\/atelier\/thumbs\/thumbs_Atelier4WWW.jpg\"\n                    width=\"100\"\n                    height=\"75\"\n                    style=\"max-width:100%;\"\n                \/>\n            <\/a>\n        <\/div>\n\t\t\t\t\t\t\t<\/div> \n\t\t\t\n        \n\t\t\t\t<div id=\"ngg-image-4\" class=\"ngg-gallery-thumbnail-box\" >\n\t\t\t\t        <div class=\"ngg-gallery-thumbnail\">\n            <a href=\"https:\/\/www.skroban.de\/wp-content\/gallery\/atelier\/Atelier5WWW.jpg\"\n               title=\"\"\n               data-src=\"https:\/\/www.skroban.de\/wp-content\/gallery\/atelier\/Atelier5WWW.jpg\"\n               data-thumbnail=\"https:\/\/www.skroban.de\/wp-content\/gallery\/atelier\/thumbs\/thumbs_Atelier5WWW.jpg\"\n               data-image-id=\"437\"\n               data-title=\"Atelier5WWW\"\n               data-description=\"\"\n               data-image-slug=\"atelier5www\"\n               class=\"shutterset_478be379f535cfb590322d0df1b1bc5f\">\n                <img\n                    title=\"Atelier5WWW\"\n                    alt=\"Atelier5WWW\"\n                    src=\"https:\/\/www.skroban.de\/wp-content\/gallery\/atelier\/thumbs\/thumbs_Atelier5WWW.jpg\"\n                    width=\"100\"\n                    height=\"75\"\n                    style=\"max-width:100%;\"\n                \/>\n            <\/a>\n        <\/div>\n\t\t\t\t\t\t\t<\/div> \n\t\t\t\n        \n\t\t\t\t<div id=\"ngg-image-5\" class=\"ngg-gallery-thumbnail-box\" >\n\t\t\t\t        <div class=\"ngg-gallery-thumbnail\">\n            <a href=\"https:\/\/www.skroban.de\/wp-content\/gallery\/atelier\/Atelier6.jpg\"\n               title=\"\"\n               data-src=\"https:\/\/www.skroban.de\/wp-content\/gallery\/atelier\/Atelier6.jpg\"\n               data-thumbnail=\"https:\/\/www.skroban.de\/wp-content\/gallery\/atelier\/thumbs\/thumbs_Atelier6.jpg\"\n               data-image-id=\"438\"\n               data-title=\"Atelier6\"\n               data-description=\"\"\n               data-image-slug=\"atelier6\"\n               class=\"shutterset_478be379f535cfb590322d0df1b1bc5f\">\n                <img\n                    title=\"Atelier6\"\n                    alt=\"Atelier6\"\n                    src=\"https:\/\/www.skroban.de\/wp-content\/gallery\/atelier\/thumbs\/thumbs_Atelier6.jpg\"\n                    width=\"100\"\n                    height=\"75\"\n                    style=\"max-width:100%;\"\n                \/>\n            <\/a>\n        <\/div>\n\t\t\t\t\t\t\t<\/div> \n\t\t\t\n        \n\t\t\t\t<div id=\"ngg-image-6\" class=\"ngg-gallery-thumbnail-box\" >\n\t\t\t\t        <div class=\"ngg-gallery-thumbnail\">\n            <a href=\"https:\/\/www.skroban.de\/wp-content\/gallery\/atelier\/Atelier7WWW.jpg\"\n               title=\"\"\n               data-src=\"https:\/\/www.skroban.de\/wp-content\/gallery\/atelier\/Atelier7WWW.jpg\"\n               data-thumbnail=\"https:\/\/www.skroban.de\/wp-content\/gallery\/atelier\/thumbs\/thumbs_Atelier7WWW.jpg\"\n               data-image-id=\"439\"\n               data-title=\"Atelier7WWW\"\n               data-description=\"\"\n               data-image-slug=\"atelier7www\"\n               class=\"shutterset_478be379f535cfb590322d0df1b1bc5f\">\n                <img\n                    title=\"Atelier7WWW\"\n                    alt=\"Atelier7WWW\"\n                    src=\"https:\/\/www.skroban.de\/wp-content\/gallery\/atelier\/thumbs\/thumbs_Atelier7WWW.jpg\"\n                    width=\"100\"\n                    height=\"75\"\n                    style=\"max-width:100%;\"\n                \/>\n            <\/a>\n        <\/div>\n\t\t\t\t\t\t\t<\/div> \n\t\t\t\n        \n\t\t\t\t<div id=\"ngg-image-7\" class=\"ngg-gallery-thumbnail-box\" >\n\t\t\t\t        <div class=\"ngg-gallery-thumbnail\">\n            <a href=\"https:\/\/www.skroban.de\/wp-content\/gallery\/atelier\/Atelier8WWW.jpg\"\n               title=\"\"\n               data-src=\"https:\/\/www.skroban.de\/wp-content\/gallery\/atelier\/Atelier8WWW.jpg\"\n               data-thumbnail=\"https:\/\/www.skroban.de\/wp-content\/gallery\/atelier\/thumbs\/thumbs_Atelier8WWW.jpg\"\n               data-image-id=\"440\"\n               data-title=\"Atelier8WWW\"\n               data-description=\"\"\n               data-image-slug=\"atelier8www\"\n               class=\"shutterset_478be379f535cfb590322d0df1b1bc5f\">\n                <img\n                    title=\"Atelier8WWW\"\n                    alt=\"Atelier8WWW\"\n                    src=\"https:\/\/www.skroban.de\/wp-content\/gallery\/atelier\/thumbs\/thumbs_Atelier8WWW.jpg\"\n                    width=\"100\"\n                    height=\"75\"\n                    style=\"max-width:100%;\"\n                \/>\n            <\/a>\n        <\/div>\n\t\t\t\t\t\t\t<\/div> \n\t\t\t\n        \n\t\t\t\t<div id=\"ngg-image-8\" class=\"ngg-gallery-thumbnail-box\" >\n\t\t\t\t        <div class=\"ngg-gallery-thumbnail\">\n            <a href=\"https:\/\/www.skroban.de\/wp-content\/gallery\/atelier\/Atelier9WWW.jpg\"\n               title=\"\"\n               data-src=\"https:\/\/www.skroban.de\/wp-content\/gallery\/atelier\/Atelier9WWW.jpg\"\n               data-thumbnail=\"https:\/\/www.skroban.de\/wp-content\/gallery\/atelier\/thumbs\/thumbs_Atelier9WWW.jpg\"\n               data-image-id=\"441\"\n               data-title=\"Atelier9WWW\"\n               data-description=\"\"\n               data-image-slug=\"atelier9www\"\n               class=\"shutterset_478be379f535cfb590322d0df1b1bc5f\">\n                <img\n                    title=\"Atelier9WWW\"\n                    alt=\"Atelier9WWW\"\n                    src=\"https:\/\/www.skroban.de\/wp-content\/gallery\/atelier\/thumbs\/thumbs_Atelier9WWW.jpg\"\n                    width=\"100\"\n                    height=\"75\"\n                    style=\"max-width:100%;\"\n                \/>\n            <\/a>\n        <\/div>\n\t\t\t\t\t\t\t<\/div> \n\t\t\t\n        \n\t\t\n\t\t<div class=\"ngg-clear\"><\/div>\n\t<\/div>\n<\/p>\n<div id=\"cc-m-13831727122\" class=\"j-module n j-text \">\n<p><strong><span style=\"color: #4db538;\">VORBEREITUNG AUF HOCHSCHULE UND AKADEMIE&nbsp;<\/span>&nbsp;&nbsp;&nbsp;&nbsp;&nbsp;&nbsp;&nbsp;&nbsp;&nbsp;&nbsp;&nbsp;&nbsp;&nbsp;&nbsp;&nbsp;&nbsp;&nbsp;&nbsp; <\/strong><\/p>\n<p><span style=\"color: #808080;\">Kursinhalt:<\/span><\/p>\n<ul>\n<li><span style=\"color: #808080;\">Fig\u00fcrliches \/ perspektivisches Zeichnen<\/span><\/li>\n<li><span style=\"color: #808080;\">Experimentieren mit verschiedenen Techniken<\/span><\/li>\n<li><span style=\"color: #808080;\">Gestaltungs\u00fcbungen, Beratung bei Erstellung von Mappen<\/span><\/li>\n<li><span style=\"color: #808080;\">Bewerbungspraxis f\u00fcr Hochschule und Akademie<\/span><\/li>\n<\/ul>\n<\/div>\n<p><strong><span style=\"color: #4db538;\">ZEICHNEN \u2013 MALEREI<\/span><br \/>\n<\/strong><\/p>\n<p><span style=\"color: #808080;\"><em>Die Kurse richten sich an alle, die das Malen intensivieren wollen. Sie sollen die Teilnehmer bef\u00e4higen:<\/em><\/span><\/p>\n<ul>\n<li><span style=\"color: #808080;\">eigene Bildsprachen zu finden, zu entwickeln<\/span><\/li>\n<li><span style=\"color: #808080;\">der Kreativit\u00e4t neue Wege zu zeigen<\/span><\/li>\n<li><span style=\"color: #808080;\">kreativen Anlagen und eigenst\u00e4ndigen Ausdrucksm\u00f6glichkeiten in der Malerei zu entfalten<\/span><\/li>\n<li><span style=\"color: #808080;\">das&nbsp;Empfindens f\u00fcr Form \u2013 Linie \u2013 Rhythmus und Abstraktion zu sensibilisieren<\/span><\/li>\n<\/ul>\n<p><span style=\"color: #808080;\"><em>In den Kursen findet statt:<\/em><\/span><\/p>\n<ul>\n<li><span style=\"color: #808080;\">eine Auseinandersetzung mit Form, Farbe, Komposition<\/span><\/li>\n<li><span style=\"color: #808080;\">Experimentieren mit verschiedenen Techniken und Materialien<\/span><\/li>\n<li><span style=\"color: #808080;\">Umsetzung, Vereinfachung und Verfremdung<\/span><\/li>\n<li><span style=\"color: #808080;\">Aufbau der Bildkomposition. Malen und Bildbetrachten<\/span><\/li>\n<li><span style=\"color: #808080;\">Au\u00dfenrealit\u00e4t und Bildrealit\u00e4t<\/span><\/li>\n<li><span style=\"color: #808080;\">Individuelle Anwendung der Mittel<\/span><\/li>\n<\/ul>\n<p><span style=\"color: #4db538;\"><strong>F\u00fcr Anf\u00e4nger und Fortgeschrittene.<\/strong><\/span><\/p>\n<div id=\"cc-m-13831738122\" class=\"j-module n j-text \">\n<p><em><span style=\"color: #808080;\">&#8222;Wie in einer Diskussionsrunde so verh\u00e4lt sich Piotr Skroban in seinen Malklassen. Er nimmt im Unterricht keine leitende, sondern eine beratende Funktion ein. In einer Balance zwischen Freiheit und Grenzsetzung scheint er p\u00e4dagogische Ziele zu verfolgen, bei seinen Sch\u00fclern in relativ kurzer Zeit eine individuelle Entwicklung anzuregen. Skroban verleiht der k\u00fcnstlerischen Ausbildung Struktur, er begleitet seine Sch\u00fcler und relativiert ihre k\u00fcnstlerischen Ergebnisse. Ein wichtiger Punkt seiner Lehre ist, dass seine Sch\u00fcler sich nicht verlieren, beizeiten greift er &#8211; manches Mal &#8211; provokant in den malerischen Prozess ein. Zuweilen l\u00e4sst er bewusst Irrwege entstehen, macht jedoch auf sie aufmerksam, gibt aber keine L\u00f6sung vor. Der Ausweg aus den Abwegen liegt ganz allein auf Seiten der Sch\u00fcler, so dass der Sch\u00fcler Vertrauen und Mut erh\u00e4lt, kleinere und gr\u00f6\u00dfere Kriesen zu \u00fcberwinden, um eigenverantwortlich seinen eigenen k\u00fcnstlerischen Weg zu finden.&nbsp;&nbsp;&nbsp;&nbsp;&nbsp;&nbsp; Trotz aller Freiheit in der Lehre vermittelt Piotr Skroban einige Werte, die unabdingbar f\u00fcr eine klassische Ausbildung sind und die seine Schule so unverkennbar macht. Prinzipiell gemahnt er immer wieder den Weg zur\u00fcck zur Zeichnung, dem Disegno, um den Blick des K\u00fcnstlers nicht nur zu schulen und sch\u00e4rfen, sonder um die Welt der Anschauung zu begreifen. In diesem Sinne bleibe er auch thematisch bei den gro\u00dfen klassischen Sujets, dem Architekturbild, dem Menschen- und Landschaftsbild, anhand derer sich der sch\u00f6pferische Blick zus\u00e4tzlich entwickeln m\u00f6ge. Daneben legt Skroban bei seinem Unterricht einen besonderen Schwerpunkt auf die Entwicklung eines ausgefeilten Farbgef\u00fchls wie auch auf eine ausgekl\u00fcgelte Komposition. Er schult einen sicheren Umgang mit Fl\u00e4che, Raum und Perspektive, wobei er auf eine m\u00f6glichst spannungsvolle Zusammenkunft der einzelnen Bildelemente auf dem Aktionsfeld Leinwand achtet.&#8220;&nbsp;&nbsp;&nbsp;&nbsp;&nbsp;&nbsp;&nbsp;&nbsp;&nbsp;&nbsp;&nbsp;&nbsp;&nbsp;&nbsp;&nbsp;&nbsp;&nbsp;&nbsp;&nbsp;&nbsp;&nbsp;&nbsp;&nbsp;&nbsp;&nbsp;&nbsp;&nbsp;&nbsp;&nbsp;&nbsp;&nbsp;&nbsp;&nbsp;&nbsp;&nbsp;&nbsp;&nbsp;&nbsp;&nbsp;&nbsp;&nbsp;&nbsp;&nbsp;&nbsp;&nbsp;&nbsp;&nbsp;&nbsp;&nbsp;&nbsp;&nbsp;&nbsp;&nbsp;&nbsp;&nbsp;&nbsp;&nbsp;&nbsp;&nbsp;&nbsp;&nbsp;&nbsp;&nbsp;&nbsp;&nbsp;&nbsp; <\/span><\/em><span style=\"color: #808080;\">Dr. Barbara Br\u00e4hler<\/span><\/p>\n<\/div>\n<p>&nbsp;<\/p>\n","protected":false},"excerpt":{"rendered":"<p>Zwei Augen sehen mehr als ein Auge.&nbsp;&nbsp; &nbsp; &nbsp; &nbsp; &nbsp; &nbsp; &nbsp; &nbsp; &nbsp; &nbsp; &nbsp; Vom Standpunkt des Malers aus ist die Malerei die Kunst des Sichtbarmachens von etwas, das durch ihn erst sichtbar wird und vor dem nicht vorhanden war, dem Unbekannten angeh\u00f6rte. (W. Baumeister) VORBEREITUNG AUF HOCHSCHULE UND AKADEMIE&nbsp;&nbsp;&nbsp;&nbsp;&nbsp;&nbsp;&nbsp;&nbsp;&nbsp;&nbsp;&nbsp;&nbsp;&nbsp;&nbsp;&nbsp;&nbsp;&nbsp;&nbsp;&nbsp; Kursinhalt: Fig\u00fcrliches &hellip; <a href=\"https:\/\/www.skroban.de\/?page_id=45\" class=\"more-link\"><span class=\"screen-reader-text\">Kurse<\/span> weiterlesen <span class=\"meta-nav\">&rarr;<\/span><\/a><\/p>\n","protected":false},"author":1,"featured_media":0,"parent":0,"menu_order":0,"comment_status":"closed","ping_status":"closed","template":"","meta":{"ngg_post_thumbnail":0,"footnotes":""},"class_list":["post-45","page","type-page","status-publish","hentry"],"_links":{"self":[{"href":"https:\/\/www.skroban.de\/index.php?rest_route=\/wp\/v2\/pages\/45","targetHints":{"allow":["GET"]}}],"collection":[{"href":"https:\/\/www.skroban.de\/index.php?rest_route=\/wp\/v2\/pages"}],"about":[{"href":"https:\/\/www.skroban.de\/index.php?rest_route=\/wp\/v2\/types\/page"}],"author":[{"embeddable":true,"href":"https:\/\/www.skroban.de\/index.php?rest_route=\/wp\/v2\/users\/1"}],"replies":[{"embeddable":true,"href":"https:\/\/www.skroban.de\/index.php?rest_route=%2Fwp%2Fv2%2Fcomments&post=45"}],"version-history":[{"count":26,"href":"https:\/\/www.skroban.de\/index.php?rest_route=\/wp\/v2\/pages\/45\/revisions"}],"predecessor-version":[{"id":911,"href":"https:\/\/www.skroban.de\/index.php?rest_route=\/wp\/v2\/pages\/45\/revisions\/911"}],"wp:attachment":[{"href":"https:\/\/www.skroban.de\/index.php?rest_route=%2Fwp%2Fv2%2Fmedia&parent=45"}],"curies":[{"name":"wp","href":"https:\/\/api.w.org\/{rel}","templated":true}]}}